{"id":33,"date":"2023-06-21T17:27:12","date_gmt":"2023-06-21T21:27:12","guid":{"rendered":"https:\/\/dtglobal.swooncreative.ca\/?page_id=33"},"modified":"2023-09-25T18:48:47","modified_gmt":"2023-09-25T22:48:47","slug":"what-we-do","status":"publish","type":"page","link":"https:\/\/dt-global.com\/fr\/what-we-do\/","title":{"rendered":"Ce que nous faisons"},"content":{"rendered":"<p>DT\u00a0Global travaille en partenariat avec les communaut\u00e9s, les gouvernements et le secteur priv\u00e9 pour proposer des solutions innovantes qui transforment les vies et rel\u00e8vent les plus grands d\u00e9fis du monde. Qu\u2019il s\u2019agisse d\u2019aide \u00e0 la stabilisation ou \u00e0 la gestion des crises, de d\u00e9veloppement \u00e9conomique, de gouvernance ou de protection de l\u2019environnement, DT\u00a0Global s\u2019efforce d\u2019avoir un impact positif sur la vie des populations dans tous les secteurs.<\/p>","protected":false},"excerpt":{"rendered":"<p>DT\u00a0Global travaille en partenariat avec les communaut\u00e9s, les gouvernements et le secteur priv\u00e9 pour proposer des solutions innovantes qui transforment les vies et rel\u00e8vent les plus grands d\u00e9fis du monde. Qu\u2019il s\u2019agisse d\u2019aide \u00e0 la stabilisation ou \u00e0 la gestion des crises, de d\u00e9veloppement \u00e9conomique, de gouvernance ou de protection de l\u2019environnement, DT\u00a0Global s\u2019efforce d\u2019avoir un impact positif sur la vie des populations dans tous les secteurs.<\/p>","protected":false},"author":129,"featured_media":6329,"parent":0,"menu_order":0,"comment_status":"closed","ping_status":"closed","template":"","meta":{"_acf_changed":false,"footnotes":""},"class_list":["post-33","page","type-page","status-publish","has-post-thumbnail","hentry"],"acf":[],"yoast_head":"<!-- This site is optimized with the Yoast SEO plugin v27.3 - https:\/\/yoast.com\/product\/yoast-seo-wordpress\/ -->\n<title>What We Do - DTGlobal<\/title>\n<meta name=\"robots\" content=\"index, follow, max-snippet:-1, max-image-preview:large, max-video-preview:-1\" \/>\n<link rel=\"canonical\" href=\"https:\/\/dt-global.com\/fr\/what-we-do\/\" \/>\n<meta property=\"og:locale\" content=\"fr_CA\" \/>\n<meta property=\"og:type\" content=\"article\" \/>\n<meta property=\"og:title\" content=\"What We Do - DTGlobal\" \/>\n<meta property=\"og:description\" content=\"DT Global works in partnership with communities, governments, and the private sector to deliver innovative solutions that transform lives and address the world\u2019s greatest challenges. From early stage crisis and stabilization assistance through to economic development, governance, and environmental work, DT Global works to positively impact lives across sectors.\" \/>\n<meta property=\"og:url\" content=\"https:\/\/dt-global.com\/fr\/what-we-do\/\" \/>\n<meta property=\"og:site_name\" content=\"DTGlobal\" \/>\n<meta property=\"article:publisher\" content=\"https:\/\/www.facebook.com\/WeAreDTGlobal\/\" \/>\n<meta property=\"article:modified_time\" content=\"2023-09-25T22:48:47+00:00\" \/>\n<meta property=\"og:image\" content=\"https:\/\/dt-global.com\/wp-content\/uploads\/2023\/09\/1.-banner-3-1.jpg\" \/>\n\t<meta property=\"og:image:width\" content=\"2560\" \/>\n\t<meta property=\"og:image:height\" content=\"1442\" \/>\n\t<meta property=\"og:image:type\" content=\"image\/jpeg\" \/>\n<meta name=\"twitter:card\" content=\"summary_large_image\" \/>\n<meta name=\"twitter:site\" content=\"@WeAreDTGlobal\" \/>\n<script type=\"application\/ld+json\" class=\"yoast-schema-graph\">{\"@context\":\"https:\\\/\\\/schema.org\",\"@graph\":[{\"@type\":\"WebPage\",\"@id\":\"https:\\\/\\\/dt-global.com\\\/what-we-do\\\/\",\"url\":\"https:\\\/\\\/dt-global.com\\\/what-we-do\\\/\",\"name\":\"What We Do - DTGlobal\",\"isPartOf\":{\"@id\":\"https:\\\/\\\/dt-global.com\\\/#website\"},\"primaryImageOfPage\":{\"@id\":\"https:\\\/\\\/dt-global.com\\\/what-we-do\\\/#primaryimage\"},\"image\":{\"@id\":\"https:\\\/\\\/dt-global.com\\\/what-we-do\\\/#primaryimage\"},\"thumbnailUrl\":\"https:\\\/\\\/dt-global.com\\\/wp-content\\\/uploads\\\/2023\\\/09\\\/1.-banner-3-1.jpg\",\"datePublished\":\"2023-06-21T21:27:12+00:00\",\"dateModified\":\"2023-09-25T22:48:47+00:00\",\"breadcrumb\":{\"@id\":\"https:\\\/\\\/dt-global.com\\\/what-we-do\\\/#breadcrumb\"},\"inLanguage\":\"fr-CA\",\"potentialAction\":[{\"@type\":\"ReadAction\",\"target\":[\"https:\\\/\\\/dt-global.com\\\/what-we-do\\\/\"]}]},{\"@type\":\"ImageObject\",\"inLanguage\":\"fr-CA\",\"@id\":\"https:\\\/\\\/dt-global.com\\\/what-we-do\\\/#primaryimage\",\"url\":\"https:\\\/\\\/dt-global.com\\\/wp-content\\\/uploads\\\/2023\\\/09\\\/1.-banner-3-1.jpg\",\"contentUrl\":\"https:\\\/\\\/dt-global.com\\\/wp-content\\\/uploads\\\/2023\\\/09\\\/1.-banner-3-1.jpg\",\"width\":2560,\"height\":1442},{\"@type\":\"BreadcrumbList\",\"@id\":\"https:\\\/\\\/dt-global.com\\\/what-we-do\\\/#breadcrumb\",\"itemListElement\":[{\"@type\":\"ListItem\",\"position\":1,\"name\":\"Home\",\"item\":\"https:\\\/\\\/dt-global.com\\\/fr\\\/\"},{\"@type\":\"ListItem\",\"position\":2,\"name\":\"What We Do\"}]},{\"@type\":\"WebSite\",\"@id\":\"https:\\\/\\\/dt-global.com\\\/#website\",\"url\":\"https:\\\/\\\/dt-global.com\\\/\",\"name\":\"DTGlobal\",\"description\":\"A force for positive change\",\"publisher\":{\"@id\":\"https:\\\/\\\/dt-global.com\\\/#organization\"},\"potentialAction\":[{\"@type\":\"SearchAction\",\"target\":{\"@type\":\"EntryPoint\",\"urlTemplate\":\"https:\\\/\\\/dt-global.com\\\/?s={search_term_string}\"},\"query-input\":{\"@type\":\"PropertyValueSpecification\",\"valueRequired\":true,\"valueName\":\"search_term_string\"}}],\"inLanguage\":\"fr-CA\"},{\"@type\":\"Organization\",\"@id\":\"https:\\\/\\\/dt-global.com\\\/#organization\",\"name\":\"DT Global\",\"url\":\"https:\\\/\\\/dt-global.com\\\/\",\"logo\":{\"@type\":\"ImageObject\",\"inLanguage\":\"fr-CA\",\"@id\":\"https:\\\/\\\/dt-global.com\\\/#\\\/schema\\\/logo\\\/image\\\/\",\"url\":\"https:\\\/\\\/dt-global.com\\\/wp-content\\\/uploads\\\/2025\\\/03\\\/DTG_Logo_Screen_LRG-1.png\",\"contentUrl\":\"https:\\\/\\\/dt-global.com\\\/wp-content\\\/uploads\\\/2025\\\/03\\\/DTG_Logo_Screen_LRG-1.png\",\"width\":3368,\"height\":829,\"caption\":\"DT Global\"},\"image\":{\"@id\":\"https:\\\/\\\/dt-global.com\\\/#\\\/schema\\\/logo\\\/image\\\/\"},\"sameAs\":[\"https:\\\/\\\/www.facebook.com\\\/WeAreDTGlobal\\\/\",\"https:\\\/\\\/x.com\\\/WeAreDTGlobal\",\"https:\\\/\\\/www.linkedin.com\\\/company\\\/dt-global\\\/\"]}]}<\/script>\n<!-- \/ Yoast SEO plugin. -->","yoast_head_json":{"title":"What We Do - DTGlobal","robots":{"index":"index","follow":"follow","max-snippet":"max-snippet:-1","max-image-preview":"max-image-preview:large","max-video-preview":"max-video-preview:-1"},"canonical":"https:\/\/dt-global.com\/fr\/what-we-do\/","og_locale":"fr_CA","og_type":"article","og_title":"What We Do - DTGlobal","og_description":"DT Global works in partnership with communities, governments, and the private sector to deliver innovative solutions that transform lives and address the world\u2019s greatest challenges. From early stage crisis and stabilization assistance through to economic development, governance, and environmental work, DT Global works to positively impact lives across sectors.","og_url":"https:\/\/dt-global.com\/fr\/what-we-do\/","og_site_name":"DTGlobal","article_publisher":"https:\/\/www.facebook.com\/WeAreDTGlobal\/","article_modified_time":"2023-09-25T22:48:47+00:00","og_image":[{"width":2560,"height":1442,"url":"https:\/\/dt-global.com\/wp-content\/uploads\/2023\/09\/1.-banner-3-1.jpg","type":"image\/jpeg"}],"twitter_card":"summary_large_image","twitter_site":"@WeAreDTGlobal","schema":{"@context":"https:\/\/schema.org","@graph":[{"@type":"WebPage","@id":"https:\/\/dt-global.com\/what-we-do\/","url":"https:\/\/dt-global.com\/what-we-do\/","name":"What We Do - DTGlobal","isPartOf":{"@id":"https:\/\/dt-global.com\/#website"},"primaryImageOfPage":{"@id":"https:\/\/dt-global.com\/what-we-do\/#primaryimage"},"image":{"@id":"https:\/\/dt-global.com\/what-we-do\/#primaryimage"},"thumbnailUrl":"https:\/\/dt-global.com\/wp-content\/uploads\/2023\/09\/1.-banner-3-1.jpg","datePublished":"2023-06-21T21:27:12+00:00","dateModified":"2023-09-25T22:48:47+00:00","breadcrumb":{"@id":"https:\/\/dt-global.com\/what-we-do\/#breadcrumb"},"inLanguage":"fr-CA","potentialAction":[{"@type":"ReadAction","target":["https:\/\/dt-global.com\/what-we-do\/"]}]},{"@type":"ImageObject","inLanguage":"fr-CA","@id":"https:\/\/dt-global.com\/what-we-do\/#primaryimage","url":"https:\/\/dt-global.com\/wp-content\/uploads\/2023\/09\/1.-banner-3-1.jpg","contentUrl":"https:\/\/dt-global.com\/wp-content\/uploads\/2023\/09\/1.-banner-3-1.jpg","width":2560,"height":1442},{"@type":"BreadcrumbList","@id":"https:\/\/dt-global.com\/what-we-do\/#breadcrumb","itemListElement":[{"@type":"ListItem","position":1,"name":"Home","item":"https:\/\/dt-global.com\/fr\/"},{"@type":"ListItem","position":2,"name":"What We Do"}]},{"@type":"WebSite","@id":"https:\/\/dt-global.com\/#website","url":"https:\/\/dt-global.com\/","name":"DTGlobal","description":"A force for positive change","publisher":{"@id":"https:\/\/dt-global.com\/#organization"},"potentialAction":[{"@type":"SearchAction","target":{"@type":"EntryPoint","urlTemplate":"https:\/\/dt-global.com\/?s={search_term_string}"},"query-input":{"@type":"PropertyValueSpecification","valueRequired":true,"valueName":"search_term_string"}}],"inLanguage":"fr-CA"},{"@type":"Organization","@id":"https:\/\/dt-global.com\/#organization","name":"DT Global","url":"https:\/\/dt-global.com\/","logo":{"@type":"ImageObject","inLanguage":"fr-CA","@id":"https:\/\/dt-global.com\/#\/schema\/logo\/image\/","url":"https:\/\/dt-global.com\/wp-content\/uploads\/2025\/03\/DTG_Logo_Screen_LRG-1.png","contentUrl":"https:\/\/dt-global.com\/wp-content\/uploads\/2025\/03\/DTG_Logo_Screen_LRG-1.png","width":3368,"height":829,"caption":"DT Global"},"image":{"@id":"https:\/\/dt-global.com\/#\/schema\/logo\/image\/"},"sameAs":["https:\/\/www.facebook.com\/WeAreDTGlobal\/","https:\/\/x.com\/WeAreDTGlobal","https:\/\/www.linkedin.com\/company\/dt-global\/"]}]}},"_links":{"self":[{"href":"https:\/\/dt-global.com\/fr\/wp-json\/wp\/v2\/pages\/33","targetHints":{"allow":["GET"]}}],"collection":[{"href":"https:\/\/dt-global.com\/fr\/wp-json\/wp\/v2\/pages"}],"about":[{"href":"https:\/\/dt-global.com\/fr\/wp-json\/wp\/v2\/types\/page"}],"author":[{"embeddable":true,"href":"https:\/\/dt-global.com\/fr\/wp-json\/wp\/v2\/users\/129"}],"replies":[{"embeddable":true,"href":"https:\/\/dt-global.com\/fr\/wp-json\/wp\/v2\/comments?post=33"}],"version-history":[{"count":0,"href":"https:\/\/dt-global.com\/fr\/wp-json\/wp\/v2\/pages\/33\/revisions"}],"wp:featuredmedia":[{"embeddable":true,"href":"https:\/\/dt-global.com\/fr\/wp-json\/wp\/v2\/media\/6329"}],"wp:attachment":[{"href":"https:\/\/dt-global.com\/fr\/wp-json\/wp\/v2\/media?parent=33"}],"curies":[{"name":"wp","href":"https:\/\/api.w.org\/{rel}","templated":true}]}}