{"id":7570,"date":"2023-11-14T18:26:35","date_gmt":"2023-11-14T23:26:35","guid":{"rendered":"https:\/\/dt-global.com\/?page_id=7570"},"modified":"2023-11-29T14:25:59","modified_gmt":"2023-11-29T19:25:59","slug":"cop28","status":"publish","type":"page","link":"https:\/\/dt-global.com\/fr\/cop28\/","title":{"rendered":"DT Global soutient les gouvernements de Fidji et de Tuvalu \u00e0 la COP28\u00a0!"},"content":{"rendered":"<p>Le\u00a0<a href=\"https:\/\/www.cop28.com\/\" target=\"_blank\" rel=\"noreferrer noopener\">Conf\u00e9rence des Parties (COP)<\/a>\u00a0est une r\u00e9union annuelle des Nations Unies sur le changement climatique qui rassemble les pays pour discuter de strat\u00e9gies visant \u00e0 att\u00e9nuer, \u00e0 s&#039;adapter et \u00e0 se pr\u00e9parer aux impacts futurs du changement climatique. Cette ann\u00e9e, c&#039;est le 28<sup>\u00e8me<\/sup>\u00a0Le sommet de la COP se tiendra \u00e0 Duba\u00ef du 30 novembre au 12 d\u00e9cembre. Nous sommes honor\u00e9s d&#039;annoncer que le personnel de nos bureaux des \u00c9tats-Unis et d&#039;Australie a \u00e9t\u00e9 invit\u00e9 par les gouvernements des Fidji et de Tuvalu \u00e0 assister \u00e0 la COP28, o\u00f9 nous fournirons une assistance technique et un soutien. organisation d&#039;\u00e9v\u00e9nements.<\/p>\n\n\n\n<p>DT Global est un partenaire d\u00e9vou\u00e9 des Fidji, de Tuvalu et d&#039;autres pays du Pacifique dans leurs efforts d&#039;adaptation aux impacts n\u00e9gatifs du changement climatique en soutenant un acc\u00e8s accru au financement climatique. Ce soutien s&#039;est fait \u00e0 travers notre mise en \u0153uvre de <a href=\"https:\/\/dt-global.com\/fr\/projects\/climate-ready\/\">L&#039;USAID est pr\u00eat pour le climat<\/a>&nbsp;et les projets Adapt Asia-Pacific, qui ont contribu\u00e9 ensemble \u00e0 obtenir pr\u00e8s d\u2019un milliard de dollars de financement international pour l\u2019adaptation au climat dans le Pacifique et en Asie. Nous sommes \u00e9galement positionn\u00e9s comme le plus grand ex\u00e9cutant de projets pour le minist\u00e8re australien des Affaires \u00e9trang\u00e8res et du Commerce. Actuellement, nous soutenons divers pays insulaires du Pacifique dans des domaines critiques, notamment des infrastructures durables et r\u00e9silientes au climat, le d\u00e9veloppement d\u2019entreprises r\u00e9silientes et \u00e0 faibles \u00e9missions de carbone, le d\u00e9veloppement de syst\u00e8mes de march\u00e9s agricoles, la conservation de la biodiversit\u00e9 et bien plus encore.<\/p>\n\n\n\n<p>Nous sommes un partenaire de confiance d&#039;entit\u00e9s cl\u00e9s du Pacifique, notamment des agences du Conseil des organisations r\u00e9gionales du Pacifique (CROP), telles que la Communaut\u00e9 du Pacifique (CPS), le Secr\u00e9tariat du Programme r\u00e9gional pour l&#039;environnement du Pacifique (SPREP), l&#039;Universit\u00e9 du Pacifique Sud. (USP), autorit\u00e9s nationales d\u00e9sign\u00e9es, entit\u00e9s \u00e0 acc\u00e8s direct, banques publiques de d\u00e9veloppement, minist\u00e8res et divisions charg\u00e9s du changement climatique, chambres de commerce, organisations communautaires et fonds fiduciaires, entre autres groupes dans tout le Pacifique. Nous connaissons parfaitement le paysage institutionnel et politique de la r\u00e9gion en ce qui concerne le changement climatique et d\u2019autres questions vitales.<\/p>\n\n\n\n<p>Nous sommes impatients d&#039;\u00e9tendre ce soutien aux gouvernements des Fidji et de Tuvalu lors de la COP28 \u00e0 Duba\u00ef. Restez \u00e0 l&#039;\u00e9coute de cette page pour les mises \u00e0 jour sur nos panels lat\u00e9raux (qui se d\u00e9rouleront dans la Zone bleue lors du sommet), les ressources connexes et notre flux LinkedIn pendant que nous partageons en direct les informations issues de la COP28\u00a0! #DTGlobalAtCOP28<\/p>","protected":false},"excerpt":{"rendered":"<p>The\u00a0Conference of Parties (COP)\u00a0is an annual United Nations climate change meeting that congregates countries to discuss strategies to mitigate, adapt, and prepare for future impacts of climate change. This year\u2019s 28th\u00a0COP summit will be held in Dubai from November 30 until December 12. We are honored to share that staff from our US and Australia [&hellip;]<\/p>\n","protected":false},"author":129,"featured_media":7755,"parent":0,"menu_order":0,"comment_status":"closed","ping_status":"closed","template":"","meta":{"_acf_changed":false,"footnotes":""},"class_list":["post-7570","page","type-page","status-publish","has-post-thumbnail","hentry"],"acf":[],"yoast_head":"<!-- This site is optimized with the Yoast SEO plugin v27.3 - https:\/\/yoast.com\/product\/yoast-seo-wordpress\/ -->\n<title>DT Global Supporting Fiji and Tuvalu Gov\u2019ts at COP28! - DTGlobal<\/title>\n<meta name=\"robots\" content=\"index, follow, max-snippet:-1, max-image-preview:large, max-video-preview:-1\" \/>\n<link rel=\"canonical\" href=\"https:\/\/dt-global.com\/fr\/cop28\/\" \/>\n<meta property=\"og:locale\" content=\"fr_CA\" \/>\n<meta property=\"og:type\" content=\"article\" \/>\n<meta property=\"og:title\" content=\"DT Global Supporting Fiji and Tuvalu Gov\u2019ts at COP28! - DTGlobal\" \/>\n<meta property=\"og:description\" content=\"The\u00a0Conference of Parties (COP)\u00a0is an annual United Nations climate change meeting that congregates countries to discuss strategies to mitigate, adapt, and prepare for future impacts of climate change. This year\u2019s 28th\u00a0COP summit will be held in Dubai from November 30 until December 12. We are honored to share that staff from our US and Australia [&hellip;]\" \/>\n<meta property=\"og:url\" content=\"https:\/\/dt-global.com\/fr\/cop28\/\" \/>\n<meta property=\"og:site_name\" content=\"DTGlobal\" \/>\n<meta property=\"article:publisher\" content=\"https:\/\/www.facebook.com\/WeAreDTGlobal\/\" \/>\n<meta property=\"article:modified_time\" content=\"2023-11-29T19:25:59+00:00\" \/>\n<meta property=\"og:image\" content=\"https:\/\/dt-global.com\/wp-content\/uploads\/2023\/11\/COP28-webpage_banner-image-04-2-04.webp\" \/>\n\t<meta property=\"og:image:width\" content=\"2560\" \/>\n\t<meta property=\"og:image:height\" content=\"809\" \/>\n\t<meta property=\"og:image:type\" content=\"image\/webp\" \/>\n<meta name=\"twitter:card\" content=\"summary_large_image\" \/>\n<meta name=\"twitter:site\" content=\"@WeAreDTGlobal\" \/>\n<meta name=\"twitter:label1\" content=\"Estimation du temps de lecture\" \/>\n\t<meta name=\"twitter:data1\" content=\"2 minutes\" \/>\n<script type=\"application\/ld+json\" class=\"yoast-schema-graph\">{\"@context\":\"https:\\\/\\\/schema.org\",\"@graph\":[{\"@type\":\"WebPage\",\"@id\":\"https:\\\/\\\/dt-global.com\\\/cop28\\\/\",\"url\":\"https:\\\/\\\/dt-global.com\\\/cop28\\\/\",\"name\":\"DT Global Supporting Fiji and Tuvalu Gov\u2019ts at COP28! - DTGlobal\",\"isPartOf\":{\"@id\":\"https:\\\/\\\/dt-global.com\\\/#website\"},\"primaryImageOfPage\":{\"@id\":\"https:\\\/\\\/dt-global.com\\\/cop28\\\/#primaryimage\"},\"image\":{\"@id\":\"https:\\\/\\\/dt-global.com\\\/cop28\\\/#primaryimage\"},\"thumbnailUrl\":\"https:\\\/\\\/dt-global.com\\\/wp-content\\\/uploads\\\/2023\\\/11\\\/COP28-webpage_banner-image-04-2-04.webp\",\"datePublished\":\"2023-11-14T23:26:35+00:00\",\"dateModified\":\"2023-11-29T19:25:59+00:00\",\"breadcrumb\":{\"@id\":\"https:\\\/\\\/dt-global.com\\\/cop28\\\/#breadcrumb\"},\"inLanguage\":\"fr-CA\",\"potentialAction\":[{\"@type\":\"ReadAction\",\"target\":[\"https:\\\/\\\/dt-global.com\\\/cop28\\\/\"]}]},{\"@type\":\"ImageObject\",\"inLanguage\":\"fr-CA\",\"@id\":\"https:\\\/\\\/dt-global.com\\\/cop28\\\/#primaryimage\",\"url\":\"https:\\\/\\\/dt-global.com\\\/wp-content\\\/uploads\\\/2023\\\/11\\\/COP28-webpage_banner-image-04-2-04.webp\",\"contentUrl\":\"https:\\\/\\\/dt-global.com\\\/wp-content\\\/uploads\\\/2023\\\/11\\\/COP28-webpage_banner-image-04-2-04.webp\",\"width\":2560,\"height\":809},{\"@type\":\"BreadcrumbList\",\"@id\":\"https:\\\/\\\/dt-global.com\\\/cop28\\\/#breadcrumb\",\"itemListElement\":[{\"@type\":\"ListItem\",\"position\":1,\"name\":\"Home\",\"item\":\"https:\\\/\\\/dt-global.com\\\/fr\\\/\"},{\"@type\":\"ListItem\",\"position\":2,\"name\":\"DT Global Supporting Fiji and Tuvalu Gov\u2019ts at COP28!\"}]},{\"@type\":\"WebSite\",\"@id\":\"https:\\\/\\\/dt-global.com\\\/#website\",\"url\":\"https:\\\/\\\/dt-global.com\\\/\",\"name\":\"DTGlobal\",\"description\":\"A force for positive change\",\"publisher\":{\"@id\":\"https:\\\/\\\/dt-global.com\\\/#organization\"},\"potentialAction\":[{\"@type\":\"SearchAction\",\"target\":{\"@type\":\"EntryPoint\",\"urlTemplate\":\"https:\\\/\\\/dt-global.com\\\/?s={search_term_string}\"},\"query-input\":{\"@type\":\"PropertyValueSpecification\",\"valueRequired\":true,\"valueName\":\"search_term_string\"}}],\"inLanguage\":\"fr-CA\"},{\"@type\":\"Organization\",\"@id\":\"https:\\\/\\\/dt-global.com\\\/#organization\",\"name\":\"DT Global\",\"url\":\"https:\\\/\\\/dt-global.com\\\/\",\"logo\":{\"@type\":\"ImageObject\",\"inLanguage\":\"fr-CA\",\"@id\":\"https:\\\/\\\/dt-global.com\\\/#\\\/schema\\\/logo\\\/image\\\/\",\"url\":\"https:\\\/\\\/dt-global.com\\\/wp-content\\\/uploads\\\/2025\\\/03\\\/DTG_Logo_Screen_LRG-1.png\",\"contentUrl\":\"https:\\\/\\\/dt-global.com\\\/wp-content\\\/uploads\\\/2025\\\/03\\\/DTG_Logo_Screen_LRG-1.png\",\"width\":3368,\"height\":829,\"caption\":\"DT Global\"},\"image\":{\"@id\":\"https:\\\/\\\/dt-global.com\\\/#\\\/schema\\\/logo\\\/image\\\/\"},\"sameAs\":[\"https:\\\/\\\/www.facebook.com\\\/WeAreDTGlobal\\\/\",\"https:\\\/\\\/x.com\\\/WeAreDTGlobal\",\"https:\\\/\\\/www.linkedin.com\\\/company\\\/dt-global\\\/\"]}]}<\/script>\n<!-- \/ Yoast SEO plugin. -->","yoast_head_json":{"title":"DT Global Supporting Fiji and Tuvalu Gov\u2019ts at COP28! - DTGlobal","robots":{"index":"index","follow":"follow","max-snippet":"max-snippet:-1","max-image-preview":"max-image-preview:large","max-video-preview":"max-video-preview:-1"},"canonical":"https:\/\/dt-global.com\/fr\/cop28\/","og_locale":"fr_CA","og_type":"article","og_title":"DT Global Supporting Fiji and Tuvalu Gov\u2019ts at COP28! - DTGlobal","og_description":"The\u00a0Conference of Parties (COP)\u00a0is an annual United Nations climate change meeting that congregates countries to discuss strategies to mitigate, adapt, and prepare for future impacts of climate change. This year\u2019s 28th\u00a0COP summit will be held in Dubai from November 30 until December 12. We are honored to share that staff from our US and Australia [&hellip;]","og_url":"https:\/\/dt-global.com\/fr\/cop28\/","og_site_name":"DTGlobal","article_publisher":"https:\/\/www.facebook.com\/WeAreDTGlobal\/","article_modified_time":"2023-11-29T19:25:59+00:00","og_image":[{"width":2560,"height":809,"url":"https:\/\/dt-global.com\/wp-content\/uploads\/2023\/11\/COP28-webpage_banner-image-04-2-04.webp","type":"image\/webp"}],"twitter_card":"summary_large_image","twitter_site":"@WeAreDTGlobal","twitter_misc":{"Estimation du temps de lecture":"2 minutes"},"schema":{"@context":"https:\/\/schema.org","@graph":[{"@type":"WebPage","@id":"https:\/\/dt-global.com\/cop28\/","url":"https:\/\/dt-global.com\/cop28\/","name":"DT Global Supporting Fiji and Tuvalu Gov\u2019ts at COP28! - DTGlobal","isPartOf":{"@id":"https:\/\/dt-global.com\/#website"},"primaryImageOfPage":{"@id":"https:\/\/dt-global.com\/cop28\/#primaryimage"},"image":{"@id":"https:\/\/dt-global.com\/cop28\/#primaryimage"},"thumbnailUrl":"https:\/\/dt-global.com\/wp-content\/uploads\/2023\/11\/COP28-webpage_banner-image-04-2-04.webp","datePublished":"2023-11-14T23:26:35+00:00","dateModified":"2023-11-29T19:25:59+00:00","breadcrumb":{"@id":"https:\/\/dt-global.com\/cop28\/#breadcrumb"},"inLanguage":"fr-CA","potentialAction":[{"@type":"ReadAction","target":["https:\/\/dt-global.com\/cop28\/"]}]},{"@type":"ImageObject","inLanguage":"fr-CA","@id":"https:\/\/dt-global.com\/cop28\/#primaryimage","url":"https:\/\/dt-global.com\/wp-content\/uploads\/2023\/11\/COP28-webpage_banner-image-04-2-04.webp","contentUrl":"https:\/\/dt-global.com\/wp-content\/uploads\/2023\/11\/COP28-webpage_banner-image-04-2-04.webp","width":2560,"height":809},{"@type":"BreadcrumbList","@id":"https:\/\/dt-global.com\/cop28\/#breadcrumb","itemListElement":[{"@type":"ListItem","position":1,"name":"Home","item":"https:\/\/dt-global.com\/fr\/"},{"@type":"ListItem","position":2,"name":"DT Global Supporting Fiji and Tuvalu Gov\u2019ts at COP28!"}]},{"@type":"WebSite","@id":"https:\/\/dt-global.com\/#website","url":"https:\/\/dt-global.com\/","name":"DTGlobal","description":"A force for positive change","publisher":{"@id":"https:\/\/dt-global.com\/#organization"},"potentialAction":[{"@type":"SearchAction","target":{"@type":"EntryPoint","urlTemplate":"https:\/\/dt-global.com\/?s={search_term_string}"},"query-input":{"@type":"PropertyValueSpecification","valueRequired":true,"valueName":"search_term_string"}}],"inLanguage":"fr-CA"},{"@type":"Organization","@id":"https:\/\/dt-global.com\/#organization","name":"DT Global","url":"https:\/\/dt-global.com\/","logo":{"@type":"ImageObject","inLanguage":"fr-CA","@id":"https:\/\/dt-global.com\/#\/schema\/logo\/image\/","url":"https:\/\/dt-global.com\/wp-content\/uploads\/2025\/03\/DTG_Logo_Screen_LRG-1.png","contentUrl":"https:\/\/dt-global.com\/wp-content\/uploads\/2025\/03\/DTG_Logo_Screen_LRG-1.png","width":3368,"height":829,"caption":"DT Global"},"image":{"@id":"https:\/\/dt-global.com\/#\/schema\/logo\/image\/"},"sameAs":["https:\/\/www.facebook.com\/WeAreDTGlobal\/","https:\/\/x.com\/WeAreDTGlobal","https:\/\/www.linkedin.com\/company\/dt-global\/"]}]}},"_links":{"self":[{"href":"https:\/\/dt-global.com\/fr\/wp-json\/wp\/v2\/pages\/7570","targetHints":{"allow":["GET"]}}],"collection":[{"href":"https:\/\/dt-global.com\/fr\/wp-json\/wp\/v2\/pages"}],"about":[{"href":"https:\/\/dt-global.com\/fr\/wp-json\/wp\/v2\/types\/page"}],"author":[{"embeddable":true,"href":"https:\/\/dt-global.com\/fr\/wp-json\/wp\/v2\/users\/129"}],"replies":[{"embeddable":true,"href":"https:\/\/dt-global.com\/fr\/wp-json\/wp\/v2\/comments?post=7570"}],"version-history":[{"count":0,"href":"https:\/\/dt-global.com\/fr\/wp-json\/wp\/v2\/pages\/7570\/revisions"}],"wp:featuredmedia":[{"embeddable":true,"href":"https:\/\/dt-global.com\/fr\/wp-json\/wp\/v2\/media\/7755"}],"wp:attachment":[{"href":"https:\/\/dt-global.com\/fr\/wp-json\/wp\/v2\/media?parent=7570"}],"curies":[{"name":"wp","href":"https:\/\/api.w.org\/{rel}","templated":true}]}}